{"id":17360,"date":"2025-12-01T12:18:02","date_gmt":"2025-12-01T11:18:02","guid":{"rendered":"https:\/\/oavc.shapethelight.cloud\/?page_id=17360"},"modified":"2025-12-04T12:16:18","modified_gmt":"2025-12-04T11:16:18","slug":"contatti","status":"publish","type":"page","link":"https:\/\/oavc.shapethelight.cloud\/index.php\/contatti\/","title":{"rendered":"03_Contatti"},"content":{"rendered":"\t\t<div data-elementor-type=\"wp-post\" data-elementor-id=\"17360\" class=\"elementor elementor-17360\">\n\t\t\t\t\t\t<section class=\"elementor-section elementor-top-section elementor-element elementor-element-a5f7716 elementor-section-content-middle elementor-section-stretched elementor-section-full_width elementor-section-height-default elementor-section-height-default\" data-id=\"a5f7716\" data-element_type=\"section\" data-settings=\"{&quot;stretch_section&quot;:&quot;section-stretched&quot;}\">\n\t\t\t\t\t\t<div class=\"elementor-container elementor-column-gap-no\">\n\t\t\t\t\t<div class=\"elementor-column elementor-col-100 elementor-top-column elementor-element elementor-element-a1a1793\" data-id=\"a1a1793\" data-element_type=\"column\">\n\t\t\t<div class=\"elementor-widget-wrap elementor-element-populated\">\n\t\t\t\t\t\t<div class=\"elementor-element elementor-element-8125910 elementor-widget elementor-widget-google_maps\" data-id=\"8125910\" data-element_type=\"widget\" data-widget_type=\"google_maps.default\">\n\t\t\t\t\t\t\t<div class=\"elementor-custom-embed\">\n\t\t\t<iframe loading=\"lazy\"\n\t\t\t\t\tsrc=\"https:\/\/maps.google.com\/maps?q=Via%20garibaldi%2053%20vercelli&#038;t=m&#038;z=16&#038;output=embed&#038;iwloc=near\"\n\t\t\t\t\ttitle=\"Via garibaldi 53 vercelli\"\n\t\t\t\t\taria-label=\"Via garibaldi 53 vercelli\"\n\t\t\t><\/iframe>\n\t\t<\/div>\n\t\t\t\t\t\t<\/div>\n\t\t\t\t\t<\/div>\n\t\t<\/div>\n\t\t\t\t\t<\/div>\n\t\t<\/section>\n\t\t\t\t<section class=\"elementor-section elementor-top-section elementor-element elementor-element-ed75fc8 elementor-section-boxed elementor-section-height-default elementor-section-height-default\" data-id=\"ed75fc8\" data-element_type=\"section\">\n\t\t\t\t\t\t<div class=\"elementor-container elementor-column-gap-default\">\n\t\t\t\t\t<div class=\"elementor-column elementor-col-33 elementor-top-column elementor-element elementor-element-88f3e89\" data-id=\"88f3e89\" data-element_type=\"column\">\n\t\t\t<div class=\"elementor-widget-wrap elementor-element-populated\">\n\t\t\t\t\t\t<div class=\"elementor-element elementor-element-e4c5a90 elementor-widget elementor-widget-contactinfo\" data-id=\"e4c5a90\" data-element_type=\"widget\" data-widget_type=\"contactinfo.default\">\n\t\t\t\t<div class=\"elementor-widget-container\">\n\t\t\t\t\t<div class=\"contact-info-wrapper contact-info-style-modern\"><h4 class=\"contact-info-title\">Telefono<\/h4><div class=\"contact-info\">Sig.ra Vittorina Gorreri<\/div><!-- .contact-info --><div class=\"contact-phone\"><span class=\"ti-mobile theme-color me-2\"><\/span> <span>(+39) 0161 256 525<\/span><\/div><!-- .contact-phone --><\/div><!-- .contact-info-wrapper -->\t\t\t\t<\/div>\n\t\t\t\t<\/div>\n\t\t\t\t\t<\/div>\n\t\t<\/div>\n\t\t\t\t<div class=\"elementor-column elementor-col-33 elementor-top-column elementor-element elementor-element-7a158a2\" data-id=\"7a158a2\" data-element_type=\"column\">\n\t\t\t<div class=\"elementor-widget-wrap elementor-element-populated\">\n\t\t\t\t\t\t<div class=\"elementor-element elementor-element-2dd9396 elementor-widget elementor-widget-contactinfo\" data-id=\"2dd9396\" data-element_type=\"widget\" data-widget_type=\"contactinfo.default\">\n\t\t\t\t<div class=\"elementor-widget-container\">\n\t\t\t\t\t<div class=\"contact-info-wrapper contact-info-style-modern\"><h4 class=\"contact-info-title\">Sede e orari<\/h4><div class=\"contact-address\"><span class=\"ti-direction-alt theme-color me-2\"><\/span><div class=\"contact-info-inner\">Corso Giuseppe Garibaldi 53<br>13100 Vercelli<\/div><\/div><!-- .contact-info --><div class=\"contact-timing\"><span class=\"ti-alarm-clock theme-color me-2\"><\/span><span class=\"contact-info-inner\"><b>Orari di Apertura<\/b><br> dal marted\u00ec al venerd\u00ec<br>ore 10.00 - 12.00<br>Luned\u00ec chiuso<\/span><\/div><!-- .contact-timing --><\/div><!-- .contact-info-wrapper -->\t\t\t\t<\/div>\n\t\t\t\t<\/div>\n\t\t\t\t\t<\/div>\n\t\t<\/div>\n\t\t\t\t<div class=\"elementor-column elementor-col-33 elementor-top-column elementor-element elementor-element-29017ef\" data-id=\"29017ef\" data-element_type=\"column\">\n\t\t\t<div class=\"elementor-widget-wrap elementor-element-populated\">\n\t\t\t\t\t\t<div class=\"elementor-element elementor-element-1ac6263 elementor-widget elementor-widget-contactinfo\" data-id=\"1ac6263\" data-element_type=\"widget\" data-widget_type=\"contactinfo.default\">\n\t\t\t\t<div class=\"elementor-widget-container\">\n\t\t\t\t\t<div class=\"contact-info-wrapper contact-info-style-modern\"><h4 class=\"contact-info-title\">Email \/ PEC<\/h4><div class=\"contact-mail\"><a href=\"mailto:segreteria@oavc.it\"><span class=\"ti-email theme-color me-2\"><\/span> segreteria@oavc.it<\/a>, <a href=\"mailto:oappc.vercelli@archiworldpec.it\"><span class=\"ti-email theme-color me-2\"><\/span> oappc.vercelli@archiworldpec.it<\/a><\/div><!-- .contact-mail --><\/div><!-- .contact-info-wrapper -->\t\t\t\t<\/div>\n\t\t\t\t<\/div>\n\t\t\t\t\t<\/div>\n\t\t<\/div>\n\t\t\t\t\t<\/div>\n\t\t<\/section>\n\t\t\t\t<\/div>\n\t\t","protected":false},"excerpt":{"rendered":"<p>Telefono Sig.ra Vittorina Gorreri (+39) 0161 256 525 Sede e orari Corso Giuseppe Garibaldi 5313100 VercelliOrari di Apertura dal marted\u00ec al venerd\u00ecore 10.00 &#8211; 12.00Luned\u00ec chiuso Email \/ PEC segreteria@oavc.it, oappc.vercelli@archiworldpec.it<\/p>\n","protected":false},"author":1,"featured_media":0,"parent":0,"menu_order":0,"comment_status":"closed","ping_status":"closed","template":"","meta":{"footnotes":""},"class_list":["post-17360","page","type-page","status-publish","hentry"],"_links":{"self":[{"href":"https:\/\/oavc.shapethelight.cloud\/index.php\/wp-json\/wp\/v2\/pages\/17360","targetHints":{"allow":["GET"]}}],"collection":[{"href":"https:\/\/oavc.shapethelight.cloud\/index.php\/wp-json\/wp\/v2\/pages"}],"about":[{"href":"https:\/\/oavc.shapethelight.cloud\/index.php\/wp-json\/wp\/v2\/types\/page"}],"author":[{"embeddable":true,"href":"https:\/\/oavc.shapethelight.cloud\/index.php\/wp-json\/wp\/v2\/users\/1"}],"replies":[{"embeddable":true,"href":"https:\/\/oavc.shapethelight.cloud\/index.php\/wp-json\/wp\/v2\/comments?post=17360"}],"version-history":[{"count":22,"href":"https:\/\/oavc.shapethelight.cloud\/index.php\/wp-json\/wp\/v2\/pages\/17360\/revisions"}],"predecessor-version":[{"id":18131,"href":"https:\/\/oavc.shapethelight.cloud\/index.php\/wp-json\/wp\/v2\/pages\/17360\/revisions\/18131"}],"wp:attachment":[{"href":"https:\/\/oavc.shapethelight.cloud\/index.php\/wp-json\/wp\/v2\/media?parent=17360"}],"curies":[{"name":"wp","href":"https:\/\/api.w.org\/{rel}","templated":true}]}}